{"id":1323,"date":"2025-01-28T19:56:54","date_gmt":"2025-01-28T18:56:54","guid":{"rendered":"https:\/\/exciss.blogs.upv.es\/?page_id=1323"},"modified":"2025-02-15T11:22:48","modified_gmt":"2025-02-15T10:22:48","slug":"el-arca-de-noe","status":"publish","type":"page","link":"https:\/\/exciss.blogs.upv.es\/en\/el-arca-de-noe\/","title":{"rendered":"EL ARCA DE NO\u00c9"},"content":{"rendered":"<p class=\"qtranxs-available-languages-message qtranxs-available-languages-message-en\">Sorry, this entry is only available in <a href=\"https:\/\/exciss.blogs.upv.es\/es\/wp-json\/wp\/v2\/pages\/1323\" class=\"qtranxs-available-language-link qtranxs-available-language-link-es\" title=\"Espa\u00f1ol\">Espa\u00f1ol<\/a>.<\/p><p>El aplazamiento del congreso EXCISS 2024 hasta febrero de 2025, motivado por los efectos de la Riada sufrida en Valencia el 29\/10\/2024, surgi\u00f3 del compromiso con los damnificados, con el convencimiento de que este evento, aprovechando la presencia en Valencia de expertos en conservaci\u00f3n y restauraci\u00f3n de bienes culturales afectados por fen\u00f3menos extremos, no pod\u00eda celebrarse si reflexionar sobre lo ocurrido y, en particular, sobre la experiencia en la gesti\u00f3n del patrimonio afectado.<br><br>Hay especialistas que se\u00f1alan la importancia de inspirar el sentimiento de resiliencia en las personas y las comunidades afectadas, como punto de partida para promover su recuperaci\u00f3n. La conservaci\u00f3n y restauraci\u00f3n de los bienes culturales, adem\u00e1s de rescatar objetos valiosos que ellos\/as mismos\/as sienten como propios, conlleva un efecto en el \u00e1mbito simb\u00f3lico que, en situaciones de desdicha compartida, resulta fundamental para restituir la moral e inducir la fe en la resistencia, a nivel colectivo e individual. El patrimonio es ese veh\u00edculo que contiene los principios, los valores y los significados de una cultura (de las culturas locales) y que, como el Arca de No\u00e9, los ha de conducir, sanos y salvos, al otro lado del trance.<br><br>Para abordar estas reflexiones se ha abierto un nuevo espacio en el Congreso, titulado EL ARCA DE NOE: Riada Valencia 2024, cuya sesi\u00f3n tendr\u00e1 lugar el 21\/02\/25 en el Sal\u00f3n Alfonso el Magn\u00e1nimo del Centro Cultural La Beneficencia de Valencia, de 16:00 a 19:00 h. El espacio, junto a la opini\u00f3n de los expertos, incorporar\u00e1 el punto de vista de la poblaci\u00f3n afectada, que participar\u00e1 en el debate respondiendo con antelaci\u00f3n a una encuesta espec\u00edfica lanzada a la saz\u00f3n (https:\/\/forms.office.com\/e\/00tS1hV198)<\/p>\n\n\n\n<p><strong>PROGRAMA (provisional)<\/strong><\/p>\n\n\n\n<h2 class=\"wp-block-heading\"><strong>Viernes 21 de febrero 2025<\/strong><\/h2>\n\n\n\n<h3 class=\"wp-block-heading\"><strong>Sesi\u00f3n espec\u00edfica <\/strong>DANA VALENCIA 2024. EL ARCA DE NO\u00c9<\/h3>\n\n\n\n<p>Sede: Sal\u00f3n de Actos Alfons el Magn\u00e0nim &#8211; Centre Cultural La Bebefic\u00e8ncia. C\/ de la Corona, 36, Ciutat Vella, 46003 Val\u00e8ncia, Valencia*<\/p>\n\n\n\n<ul class=\"wp-block-list\">\n<li>16:00 \u2013 <em><strong>Apertura<\/strong><\/em><br>&#8211; <strong>Francisco Teruel Mach\u00ed. <\/strong>Diputado del \u00e1rea de cultura. Diputaci\u00f3n de Valencia.<br>&#8211; <strong>Marta Alonso Rodr\u00edguez<\/strong>. Directora general de Patrimonio Cultural. Conseller\u00eda de Educaci\u00f3n, Cultura, Universidades y Empleo. GVA<br><\/li>\n\n\n\n<li>16:15-17:15 &#8211; <strong><em>Presentaciones sobre intervenciones patrimoniales a cargo de:<\/em><\/strong><br>&#8211; GU\u00cdA DE PRIMEROS AUXILIOS PARA SALVAR OBJETOS PRECIADOS.<br>Mar\u00eda Victoria Vivancos. Directora de la C\u00e1tedra Unesco Forum-Universidad y Patrimonio Cultural. UPV.<br><br>&#8211; PROYECTO SALVEM LES FOTOS-UPV.<br><strong>Pilar Soriano Sancho.<\/strong> Subdirectora del Departamento de Conservaci\u00f3n y Restauraci\u00f3n de Bienes Culturales de la UPV.<br><br>&#8211; INFORMES BRLs, COACV-DGP<br><strong>Vicent Casany Llopis.<\/strong> Agrupaci\u00f3n de arquitectos para la promoci\u00f3n del<br>patrimonio arquitect\u00f3nico. COACV.<br><br>&#8211; PROGRAMA RESTAURACI\u00d3N BBC AFECTADOS POR LA DANA<br>J<strong>oan J. Gregori Berenguer.<\/strong> Jefe de secci\u00f3n del Patrimonio Hist\u00f3rico y<br>Cultural. \u00c1rea de Cooperaci\u00f3n Municipal. Diputaci\u00f3n de Val\u00e8ncia.<br><br>&#8211; LAS ACCIONES DE RECUPERACI\u00d3N DE BIENES CULTURALES DESPU\u00c9S DE UN FEN\u00d3MENO CATASTR\u00d3FICO DE RIADA<br><strong>Gemma Contreras<\/strong>. Directora del Institut Valenci\u00e0 de Conservaci\u00f3, Restauraci\u00f3 i Investigaci\u00f3, IVCR+i<br><\/li>\n\n\n\n<li>17:15-18:15 &#8211; <strong><em>Mesa de debate<\/em><\/strong>:<br>Modera: <em><strong>Francisco Juan Vidal.<\/strong><\/em> Director del Instituto Universitario de Restauraci\u00f3n del Patrimonio de la UPV, IRP.<br><br>Participan:<br>&#8211; <strong>Jos\u00e9 Manuel Rodr\u00edguez Victoriano<\/strong>. Profesor titular del Departamento de Sociolog\u00eda y Antropolog\u00eda Social de la UV (ponente por confirmar)<br>&#8211; <strong>Arsenio S\u00e1nchez Hernanp\u00e9rez<\/strong>. T\u00e9cnico superior de conservaci\u00f3n preventiva del IPCE y coordinador del Plan Nacional de Riesgos y Emergencias en Patrimonio Cultural.<br>&#8211; <strong>Simona Sajeva<\/strong>. International Scientific Committee on Mural Painting de ICOMOS<br><br><\/li>\n\n\n\n<li>18:15-19:00 Coloquio<br><\/li>\n<\/ul>\n\n\n\n<p>*Debido a cuestiones t\u00e9cnicas, esta sesi\u00f3n no puede ser retrasmitida en STREAMING, ni contar\u00e1 con traducci\u00f3n simult\u00e1nea <\/p>","protected":false},"excerpt":{"rendered":"<p>Sorry, this entry is only available in Espa\u00f1ol. El aplazamiento del congreso EXCISS 2024 hasta febrero de 2025, motivado por los efectos de la Riada sufrida en Valencia el 29\/10\/2024, surgi\u00f3 del compromiso con los damnificados, con el convencimiento de que este evento, aprovechando la presencia en Valencia de expertos en conservaci\u00f3n y restauraci\u00f3n de [&hellip;]<\/p>\n","protected":false},"author":11561,"featured_media":0,"parent":0,"menu_order":0,"comment_status":"closed","ping_status":"closed","template":"","meta":{"footnotes":""},"class_list":["post-1323","page","type-page","status-publish","hentry"],"_links":{"self":[{"href":"https:\/\/exciss.blogs.upv.es\/en\/wp-json\/wp\/v2\/pages\/1323","targetHints":{"allow":["GET"]}}],"collection":[{"href":"https:\/\/exciss.blogs.upv.es\/en\/wp-json\/wp\/v2\/pages"}],"about":[{"href":"https:\/\/exciss.blogs.upv.es\/en\/wp-json\/wp\/v2\/types\/page"}],"author":[{"embeddable":true,"href":"https:\/\/exciss.blogs.upv.es\/en\/wp-json\/wp\/v2\/users\/11561"}],"replies":[{"embeddable":true,"href":"https:\/\/exciss.blogs.upv.es\/en\/wp-json\/wp\/v2\/comments?post=1323"}],"version-history":[{"count":2,"href":"https:\/\/exciss.blogs.upv.es\/en\/wp-json\/wp\/v2\/pages\/1323\/revisions"}],"predecessor-version":[{"id":1420,"href":"https:\/\/exciss.blogs.upv.es\/en\/wp-json\/wp\/v2\/pages\/1323\/revisions\/1420"}],"wp:attachment":[{"href":"https:\/\/exciss.blogs.upv.es\/en\/wp-json\/wp\/v2\/media?parent=1323"}],"curies":[{"name":"wp","href":"https:\/\/api.w.org\/{rel}","templated":true}]}}