{"id":2,"date":"2023-11-07T10:08:23","date_gmt":"2023-11-07T09:08:23","guid":{"rendered":"http:\/\/exciss.blogs.upv.es\/?page_id=2"},"modified":"2025-02-26T12:01:42","modified_gmt":"2025-02-26T11:01:42","slug":"pagina-ejemplo","status":"publish","type":"page","link":"https:\/\/exciss.blogs.upv.es\/en\/","title":{"rendered":""},"content":{"rendered":"<p class=\"has-text-align-center\"><strong>DOWNLOAD HERE<\/strong><\/p>\n\n\n<div class=\"wp-block-image\">\n<figure class=\"aligncenter size-full is-resized\"><img loading=\"lazy\" decoding=\"async\" width=\"892\" height=\"918\" src=\"https:\/\/exciss.blogs.upv.es\/wp-content\/uploads\/2025\/02\/Freccia-Exciss-copia.png\" alt=\"\" class=\"wp-image-1477\" style=\"width:43px;height:auto\" srcset=\"https:\/\/exciss.blogs.upv.es\/wp-content\/uploads\/2025\/02\/Freccia-Exciss-copia.png 892w, https:\/\/exciss.blogs.upv.es\/wp-content\/uploads\/2025\/02\/Freccia-Exciss-copia-292x300.png 292w, https:\/\/exciss.blogs.upv.es\/wp-content\/uploads\/2025\/02\/Freccia-Exciss-copia-768x790.png 768w, https:\/\/exciss.blogs.upv.es\/wp-content\/uploads\/2025\/02\/Freccia-Exciss-copia-620x638.png 620w\" sizes=\"auto, (max-width: 892px) 100vw, 892px\" \/><\/figure>\n<\/div>\n\n\n<figure class=\"wp-block-image size-large\"><a href=\"https:\/\/exciss.blogs.upv.es\/wp-content\/uploads\/2025\/02\/Book-of-Abstract_converted-COMPLETO-PARA-WEB.pdf\"><img loading=\"lazy\" decoding=\"async\" width=\"1024\" height=\"263\" src=\"https:\/\/exciss.blogs.upv.es\/wp-content\/uploads\/2025\/02\/Prova1-sito-Exciss-15-1024x263.png\" alt=\"\" class=\"wp-image-1485\" srcset=\"https:\/\/exciss.blogs.upv.es\/wp-content\/uploads\/2025\/02\/Prova1-sito-Exciss-15-1024x263.png 1024w, https:\/\/exciss.blogs.upv.es\/wp-content\/uploads\/2025\/02\/Prova1-sito-Exciss-15-300x77.png 300w, https:\/\/exciss.blogs.upv.es\/wp-content\/uploads\/2025\/02\/Prova1-sito-Exciss-15-768x198.png 768w, https:\/\/exciss.blogs.upv.es\/wp-content\/uploads\/2025\/02\/Prova1-sito-Exciss-15-1536x395.png 1536w, https:\/\/exciss.blogs.upv.es\/wp-content\/uploads\/2025\/02\/Prova1-sito-Exciss-15-2048x527.png 2048w, https:\/\/exciss.blogs.upv.es\/wp-content\/uploads\/2025\/02\/Prova1-sito-Exciss-15-620x160.png 620w\" sizes=\"auto, (max-width: 1024px) 100vw, 1024px\" \/><\/a><\/figure>\n\n\n\n<p><strong>EXCISS 2025<\/strong>&nbsp;<em>Mural Painting Conservation<\/em>&nbsp;is an international congress that will be held in Valencia from 20-22 February,2025. This international conference focuses on the <strong>conservation and restoration of mural paintings found in extreme conditions <\/strong>and, therefore, requires innovative and sustainable approaches and methodologies. Given the precarious situation of the world, exacerbated by armed conflicts and natural disasters and the impact of climate change and its consequences (including rising sea levels, floods, and fires), it\u2019s necessary to develop preventive conservation strategies and emergency and disaster risk protocols and principles that minimise risks and safeguard this kind of heritage sustainably and efficiently.<br><br>This congress is particularly relevant, extremely actual, and highly topical. It aims to provide a forum between specialised international professionals in the conservation of mural paintings and architectural surfaces to promote the study of these issues and to share strategies, from emergency and remedial interventions to longer-term preventive measures to counteract such extreme events. In this context, it is necessary to develop new approaches and implement technological advances, from digital imaging to the application of&nbsp; Artificial Intelligence (AI).<\/p>\n\n\n\n<p>The international conference is divided into four main modules:<\/p>\n\n\n\n<ol class=\"wp-block-list\">\n<li><strong>Wall painting action protocols for emergencies and disasters<\/strong>, including risk management in armed conflicts, earthquakes, floods, and fires, using modern methodologies like AI in response to such events, with the basis for creating principles of action in extreme situations.<\/li>\n\n\n\n<li><strong>Wall painting treatments and solutions for works affected by extreme events<\/strong>, such as fragmented or fire affected paintings, fragment classification, as well as detachment and transfer of wall paintings, and alternative approaches for reintegrating, including digital options and virtual presentations.<\/li>\n\n\n\n<li><strong>Review of past inappropriate interventions on mural painting in extreme situations<\/strong>: showing case studies of past interventions in which it is necessary to correct previous principles that proved inappropriate, insufficient, ineffective, or even wrong.<\/li>\n\n\n\n<li><strong>Preventive Conservation of wall paintings in the Face of Climate Change and Emergencies, <\/strong>including risk assessment of wall paintings.&nbsp;<\/li>\n<\/ol>\n\n\n\n<p>As a result of the congress, summary conclusions of contributions and discussions will be assembled and published with recommendations at an international level for the conservation and restoration of mural paintings at risk of extreme events.<\/p>\n\n\n\n<div class=\"wp-block-buttons is-content-justification-center is-layout-flex wp-container-core-buttons-is-layout-16018d1d wp-block-buttons-is-layout-flex\">\n<div class=\"wp-block-button is-style-outline is-style-outline--2\"><a class=\"wp-block-button__link wp-element-button\" href=\"https:\/\/exciss.blogs.upv.es\/introduccion\/\">See more<\/a><\/div>\n<\/div>","protected":false},"excerpt":{"rendered":"<p><strong>EXCIS 2024<\/strong> <em>Mural Painting Conservation<\/em> es un congreso internacional orientado a la conservaci\u00f3n y restauraci\u00f3n de pinturas murales que se encuentran en condiciones extremas y que, por tanto, requieren de planteamientos y metodolog\u00edas innovadoras y sostenibles. Dada la situaci\u00f3n que el mundo afronta, condicionada por conflictos b\u00e9licos que han estallado de forma abrupta y el cada vez m\u00e1s evidente impacto del cambio clim\u00e1tico, es necesario desarrollar estrategias de conservaci\u00f3n preventiva y protocolos de urgencia que permitan minimizar los riesgos y salvaguardar este tipo de patrimonio<br \/>de un modo eficiente y sostenible. Es por ello, que este congreso es especialmente pertinente y de extremada actualidad, ya que es el momento de generar un foro de encuentro internacional entre profesionales especialistas en la intervenci\u00f3n sobre pinturas murales y revestimientos arquitect\u00f3nicos, que permita estudiar, analizar y compartir estrategias de actuaci\u00f3n ante situaciones sobrevenidas, pero tambi\u00e9n prevenir las consecuencias a medio y largo plazo, que puedan derivarse de los factores mencionados. Para ello es preciso contar con los \u00faltimos avances tecnol\u00f3gicos que incluyan la imagen digital, las representaciones tridimensionales del patrimonio, as\u00ed como la inteligencia artificial como herramienta de prevenci\u00f3n de riesgos, entre otras. Como resultado final del congreso se obtendr\u00e1n unas conclusiones comunes que recopilaremos en la &#8220;<em>Carta de Valencia<\/em>&#8221; donde incluiremos recomendaciones a nivel internacional para la conservaci\u00f3n y restauraci\u00f3n de pinturas murales en riesgo de eventos extremos.<\/p>\n","protected":false},"author":11561,"featured_media":0,"parent":0,"menu_order":0,"comment_status":"closed","ping_status":"closed","template":"template-full-width.php","meta":{"footnotes":""},"class_list":["post-2","page","type-page","status-publish","hentry"],"_links":{"self":[{"href":"https:\/\/exciss.blogs.upv.es\/en\/wp-json\/wp\/v2\/pages\/2","targetHints":{"allow":["GET"]}}],"collection":[{"href":"https:\/\/exciss.blogs.upv.es\/en\/wp-json\/wp\/v2\/pages"}],"about":[{"href":"https:\/\/exciss.blogs.upv.es\/en\/wp-json\/wp\/v2\/types\/page"}],"author":[{"embeddable":true,"href":"https:\/\/exciss.blogs.upv.es\/en\/wp-json\/wp\/v2\/users\/11561"}],"replies":[{"embeddable":true,"href":"https:\/\/exciss.blogs.upv.es\/en\/wp-json\/wp\/v2\/comments?post=2"}],"version-history":[{"count":2,"href":"https:\/\/exciss.blogs.upv.es\/en\/wp-json\/wp\/v2\/pages\/2\/revisions"}],"predecessor-version":[{"id":1490,"href":"https:\/\/exciss.blogs.upv.es\/en\/wp-json\/wp\/v2\/pages\/2\/revisions\/1490"}],"wp:attachment":[{"href":"https:\/\/exciss.blogs.upv.es\/en\/wp-json\/wp\/v2\/media?parent=2"}],"curies":[{"name":"wp","href":"https:\/\/api.w.org\/{rel}","templated":true}]}}