{"id":21,"date":"2023-11-07T11:19:53","date_gmt":"2023-11-07T10:19:53","guid":{"rendered":"https:\/\/exciss.blogs.upv.es\/?page_id=21"},"modified":"2025-02-06T11:23:43","modified_gmt":"2025-02-06T10:23:43","slug":"what","status":"publish","type":"page","link":"https:\/\/exciss.blogs.upv.es\/en\/what\/","title":{"rendered":"Registration"},"content":{"rendered":"<p>The Congress will be held in person with a certificate of attendance obtained from those researchers who have registered. There will also be an online (non-interactive) mode to follow the conference sessions by streaming exclusively for those who register in this condition, also obtaining a certificate of attendance.<\/p>\n\n\n\n<p>Payment of the registration fees allows attendance at the work sessions, either in person or online, coffee breaks on Thursday and Friday, attendance at the concert to be held at the Church of San Nicol\u00e1s on Friday 21 February 2025, and the visit to the Santos Juanes church and other monuments in the historic center of the city on Saturday, 22 February 2025.<\/p>\n\n\n\n<p>In addition, a dinner will be offered optionally for all EXCISS attendees on Thursday, 20 February 2025*.<\/p>\n\n\n\n<p>The registration fees are as follows:<\/p>\n\n\n\n<figure class=\"wp-block-table\"><table><tbody><tr><td>&nbsp;<strong>MODALITY<\/strong><\/td><td><strong>UNTIL 31<sup>th<\/sup>.JAN.202<\/strong>5**<\/td><td><strong>FROM 1<sup>st<\/sup>. FEB.2025<\/strong><\/td><\/tr><tr><td>IN-PERSON STUDENT<\/td><td>75 \u20ac<\/td><td>100 \u20ac<\/td><\/tr><tr><td>IN PERSON- NON-STUDENT<\/td><td>150 \u20ac<\/td><td>200 \u20ac<\/td><\/tr><tr><td>Online<\/td><td>60 \u20ac<\/td><td>60 \u20ac<\/td><\/tr><\/tbody><\/table><\/figure>\n\n\n\n<p>*The cost of the optional dinner on Thursday, February 20, 2025, will amount to \u20ac60.<br>**THE REDUCED REGISTRATION FEE WILL BE MAINTAINED FOR THOSE WHO BELONG TO THE FOLLOWING COLLECTIVES:<br>&#8211; INSTITUTO UNIVERSITARIO DE RESTAURACI\u00d3N DEL PATRIMONIO DE LA UPV<br>&#8211; DPTO. CONSERVACI\u00d3N Y RESTAURACI\u00d3N DE LA UPV<br>&#8211; UNIVERSIDAD DE GRANADA<br>&#8211; INSTITUTO DEL PATRIMONIO CULTURAL DE ESPA\u00d1A<br>&#8211; LA EMPRESA EMR<br>&#8211; ASOCIACI\u00d3N HISPANIA NOSTRA<\/p>\n\n\n\n<p><strong><a href=\"https:\/\/poseidon.cfp.upv.es\/portal-formacion\/alumno\/gestion_matricula.jsp?cid=97217&amp;idioma=es&amp;hash=974c9819c71e934399489f4d8813ca13c117cf47cb09884a9e4a9e4a9e499d4d88&amp;\" target=\"_blank\" rel=\"noreferrer noopener\">ONLINE REGISTRATION PLATFORM<\/a><\/strong><\/p>\n\n\n\n<p>(In case you have any questions about your registration or need an invoice for payment, please contact the congress service: congresos@cfp.upv.es)<\/p>\n\n\n\n<p><strong>CANCELLATION POLICY<\/strong><br>Before 15\/Jan\/2025: 100 % refunded<br>From 16\/Jan\/2025 to 03\/Feb\/2025: 50 % refunded<br>From 04\/Feb\/2025: not be refunded<\/p>","protected":false},"excerpt":{"rendered":"<p>The Congress will be held in person with a certificate of attendance obtained from those researchers who have registered. There will also be an online (non-interactive) mode to follow the conference sessions by streaming exclusively for those who register in this condition, also obtaining a certificate of attendance. Payment of the registration fees allows attendance [&hellip;]<\/p>\n","protected":false},"author":57162,"featured_media":0,"parent":0,"menu_order":0,"comment_status":"closed","ping_status":"closed","template":"template-full-width.php","meta":{"footnotes":""},"class_list":["post-21","page","type-page","status-publish","hentry"],"_links":{"self":[{"href":"https:\/\/exciss.blogs.upv.es\/en\/wp-json\/wp\/v2\/pages\/21","targetHints":{"allow":["GET"]}}],"collection":[{"href":"https:\/\/exciss.blogs.upv.es\/en\/wp-json\/wp\/v2\/pages"}],"about":[{"href":"https:\/\/exciss.blogs.upv.es\/en\/wp-json\/wp\/v2\/types\/page"}],"author":[{"embeddable":true,"href":"https:\/\/exciss.blogs.upv.es\/en\/wp-json\/wp\/v2\/users\/57162"}],"replies":[{"embeddable":true,"href":"https:\/\/exciss.blogs.upv.es\/en\/wp-json\/wp\/v2\/comments?post=21"}],"version-history":[{"count":3,"href":"https:\/\/exciss.blogs.upv.es\/en\/wp-json\/wp\/v2\/pages\/21\/revisions"}],"predecessor-version":[{"id":1407,"href":"https:\/\/exciss.blogs.upv.es\/en\/wp-json\/wp\/v2\/pages\/21\/revisions\/1407"}],"wp:attachment":[{"href":"https:\/\/exciss.blogs.upv.es\/en\/wp-json\/wp\/v2\/media?parent=21"}],"curies":[{"name":"wp","href":"https:\/\/api.w.org\/{rel}","templated":true}]}}