{"id":197,"date":"2023-11-17T12:33:58","date_gmt":"2023-11-17T11:33:58","guid":{"rendered":"https:\/\/exciss.blogs.upv.es\/?page_id=197"},"modified":"2025-02-14T09:30:04","modified_gmt":"2025-02-14T08:30:04","slug":"comite-de-honor","status":"publish","type":"page","link":"https:\/\/exciss.blogs.upv.es\/es\/comite-de-honor\/","title":{"rendered":"Comit\u00e9 de Honor"},"content":{"rendered":"<p><\/p>\n\n\n\n<ul class=\"wp-block-list\">\n<li><strong>Enrique Benavent Vidal.<\/strong> Arzobispo de Val\u00e8ncia<\/li>\n\n\n\n<li><strong>Carlos Maz\u00f3n Guixot<\/strong>. President de la Generalitat Valenciana<\/li>\n\n\n\n<li><strong>Mar\u00eda Jos\u00e9 Catal\u00e1 Verdet<\/strong>. Alcaldesa de Val\u00e8ncia<\/li>\n\n\n\n<li><strong>Luis S\u00e1ez Rocandio.<\/strong>&nbsp;Teniente General Jefe Cuartel General Terrestre de Alta Disponibilidad (GTAD)<\/li>\n\n\n\n<li><strong>Pedro Mercado Pacheco.<\/strong> Rector de la Universidad de Granada<\/li>\n\n\n\n<li><strong>Jos\u00e9 E. Capilla Rom\u00e1<\/strong>. Rector de la Universitat Polit\u00e8cnica de Val\u00e8ncia<\/li>\n\n\n\n<li><strong>Pilar T\u00e9bar&nbsp;Mart\u00ednez<\/strong>. Secretaria Auton\u00f3mica de Cultura de la Generalitat Valenciana<\/li>\n\n\n\n<li><strong>Marta Alonso Rodr\u00edguez<\/strong>. Directora General de Patrimonio Cultural de la Generalitat Valenciana<\/li>\n\n\n\n<li><strong>Jos\u00e9 Luis Moreno Maicas<\/strong>. Concejal de Acci\u00f3n Cultural, Patrimonio y Recursos Culturales del Ayuntamiento de Val\u00e8ncia<\/li>\n\n\n\n<li><strong>Ricardo Gabald\u00f3n Gabald\u00f3n<\/strong> &#8211; Diputado del \u00c1rea de Administraci\u00f3n General y Bandas de M\u00fasica<\/li>\n\n\n\n<li><strong>Jos\u00e9 Luis S\u00e1nchez Garc\u00eda<\/strong>. Vicario Episcopal de la Vicar\u00eda de Cultura y Relaciones Institucionales en la Archidi\u00f3cesis de Valencia<\/li>\n\n\n\n<li><strong>Margarita Sanchez Romero<\/strong>. Universidad de Granada &#8211; Vicerrectora de Extensi\u00f3n Universitaria, Patrimonio y Relaciones Institucionales <\/li>\n\n\n\n<li><strong>Salom\u00e9 Cuesta Valera<\/strong>. Universitat Polit\u00e8cnica de Val\u00e8ncia &#8211; Vicerrectora&nbsp;de&nbsp;Arte,&nbsp;Ciencia, Technolog\u00eda y Sociedad<\/li>\n\n\n\n<li><strong>Susana Alcalde Amieva<\/strong>. Subdirectora General del Instituto de Patrimonio Cultural de Espa\u00f1a<\/li>\n\n\n\n<li><strong>Manuel Mu\u00f1oz Ib\u00e1\u00f1ez.<\/strong> Presidente de la Real Academia de Bellas Artes de San Carlos<\/li>\n\n\n\n<li><strong>M\u00aa Victoria Vivancos<\/strong>. Directora de la C\u00e1tedra Forum UNESCO-UPV<\/li>\n<\/ul>","protected":false},"excerpt":{"rendered":"","protected":false},"author":57162,"featured_media":0,"parent":0,"menu_order":0,"comment_status":"closed","ping_status":"closed","template":"","meta":{"footnotes":""},"class_list":["post-197","page","type-page","status-publish","hentry"],"_links":{"self":[{"href":"https:\/\/exciss.blogs.upv.es\/es\/wp-json\/wp\/v2\/pages\/197","targetHints":{"allow":["GET"]}}],"collection":[{"href":"https:\/\/exciss.blogs.upv.es\/es\/wp-json\/wp\/v2\/pages"}],"about":[{"href":"https:\/\/exciss.blogs.upv.es\/es\/wp-json\/wp\/v2\/types\/page"}],"author":[{"embeddable":true,"href":"https:\/\/exciss.blogs.upv.es\/es\/wp-json\/wp\/v2\/users\/57162"}],"replies":[{"embeddable":true,"href":"https:\/\/exciss.blogs.upv.es\/es\/wp-json\/wp\/v2\/comments?post=197"}],"version-history":[{"count":2,"href":"https:\/\/exciss.blogs.upv.es\/es\/wp-json\/wp\/v2\/pages\/197\/revisions"}],"predecessor-version":[{"id":1418,"href":"https:\/\/exciss.blogs.upv.es\/es\/wp-json\/wp\/v2\/pages\/197\/revisions\/1418"}],"wp:attachment":[{"href":"https:\/\/exciss.blogs.upv.es\/es\/wp-json\/wp\/v2\/media?parent=197"}],"curies":[{"name":"wp","href":"https:\/\/api.w.org\/{rel}","templated":true}]}}