{"id":20,"date":"2023-11-07T11:19:53","date_gmt":"2023-11-07T10:19:53","guid":{"rendered":"https:\/\/exciss.blogs.upv.es\/?page_id=20"},"modified":"2025-02-20T13:05:34","modified_gmt":"2025-02-20T12:05:34","slug":"who","status":"publish","type":"page","link":"https:\/\/exciss.blogs.upv.es\/es\/who\/","title":{"rendered":"PROGRAMA"},"content":{"rendered":"<p>*PROVISIONAL<\/p>\n\n\n\n<h1 class=\"wp-block-heading\"><strong>D\u00eda 1<\/strong><\/h1>\n\n\n\n<h2 class=\"wp-block-heading\"><strong>Jueves 20 de febrero 20<\/strong>25<\/h2>\n\n\n\n<p>Sede: <a href=\"https:\/\/maps.app.goo.gl\/a6yRcmNqqcXYLVY38\">Auditori Alfons Roig. Facultad de Bellas Artes de la Universitat Polit\u00e8ncia de Val\u00e8ncia<\/a><\/p>\n\n\n\n<ul class=\"wp-block-list\">\n<li>9:00 &#8211; Entrega de documentaci\u00f3n<\/li>\n\n\n\n<li>9:30 &#8211; Inauguraci\u00f3n del congreso con presencia de las autoridades pertinentes<\/li>\n\n\n\n<li>10:00 &#8211; Conferencia Inaugural &#8211; <em><strong>\u00ab<\/strong><\/em><strong><em><em>Mural painting, risks and emergencies management<\/em><\/em>\u00ab. Simona Sajeva<\/strong>,&nbsp;ISCMP (ICOMOS International Scientific Committee on Mural Painting)&nbsp;y <strong>Rohit Jigyasu<\/strong>,&nbsp;ICCROM (Programme Manager on sustainable urban and built Heritage conservation, disaster and climate risk management &amp; post crisis recovery).<\/li>\n\n\n\n<li>11:00 &#8211; Caf\u00e9<\/li>\n<\/ul>\n\n\n\n<h3 class=\"wp-block-heading\" style=\"font-style:normal;font-weight:700\">Sesi\u00f3n 1 &#8211; Bloque: Protocolos de actuaci\u00f3n ante emergencias y desastres<br>Patrocinador: KERAKOLL<br><strong>Moderador: <strong>Teresa Espejo Arias<\/strong><\/strong>: Universidad de Granada (UGR)<\/h3>\n\n\n\n<p>Sede: <a href=\"https:\/\/maps.app.goo.gl\/a6yRcmNqqcXYLVY38\">Auditori Alfons Roig. Facultad de Bellas Artes de la Universitat Polit\u00e8ncia de Val\u00e8ncia<\/a><\/p>\n\n\n\n<ul class=\"wp-block-list\">\n<li>11:30 &#8211; <strong><em>ART-RISK, models for Emergency Preparedness and Response in Cultural Heritage.<\/em><\/strong> <strong>Mar\u00eda del Pilar Ortiz Calder\u00f3n.<\/strong> Universidad Pablo de Olavide&nbsp;&nbsp;<\/li>\n\n\n\n<li>12:00 &#8211; <em><strong>Las emergencias y el&nbsp;patrimonio: la amenaza constante<\/strong><\/em>. <strong>Arsenio S\u00e1nchez Hernanp\u00e9rez<\/strong>, T\u00e9cnico Superior de Conservaci\u00f3n Preventiva del IPCE.<\/li>\n\n\n\n<li>12:30 &#8211; Comunicaciones breves &#8211; Bloque: Protocolos de actuaci\u00f3n (4 comunicaciones de 15 min: 10 min comunicaci\u00f3n + 5 min preguntas)<br>\u00b7 12:30: Michel Salameh. <em>Wall paintings in Palestine, challenges and their implications on conservation<\/em><br>\u00b7 12:45: Marc Panneau &#8211; Delwyn Agostini &#8211; Jordan Boucard &#8211; Lucas Fournie &#8211; Guillaume Quere &#8211; Caroline Syners<sup> <\/sup>&#8211; Fr\u00e9d\u00e9rique Vouve&nbsp;. <em>The HBIM protocol for safeguarding the painted renderings on the northern aditus of Lyon&#8217;s Fourvi\u00e8re theater<\/em>&nbsp;&nbsp;&nbsp;&nbsp;&nbsp;&nbsp;&nbsp;&nbsp;&nbsp;&nbsp;&nbsp;&nbsp;&nbsp;&nbsp;&nbsp;&nbsp;&nbsp;&nbsp;&nbsp;&nbsp;&nbsp;&nbsp;&nbsp;&nbsp;&nbsp;&nbsp;&nbsp;&nbsp;&nbsp;&nbsp;&nbsp;&nbsp;&nbsp;&nbsp;&nbsp;&nbsp;&nbsp;&nbsp;&nbsp;&nbsp;&nbsp;&nbsp;&nbsp;&nbsp;&nbsp;&nbsp;&nbsp;&nbsp;&nbsp;&nbsp;&nbsp;&nbsp;&nbsp;&nbsp;&nbsp;&nbsp;&nbsp;&nbsp;&nbsp;&nbsp;&nbsp;&nbsp;&nbsp;&nbsp;&nbsp;&nbsp;<br>\u00b7 13:00: Ana Carrasco Huertas &#8211; Teresa L\u00f3pez-Mart\u00ednez &#8211; David Dom\u00ednguez Rubio &#8211; Ana I. Calero Castillo. <em>Digital support tools for the restitution of archaeological wall coverings<\/em><br>\u00b7 13:15: Simona Sajeva. <em>Mural painting Post-disaster emergency management: considerations on integrating building conditions into damage expeditious survey and documentation method<\/em><\/li>\n\n\n\n<li>13:30 &#8211; Debate &#8211; Bloque: Protocolos de actuaci\u00f3n<\/li>\n\n\n\n<li>14:00 &#8211; Comida<\/li>\n<\/ul>\n\n\n\n<h3 class=\"wp-block-heading\">Sesi\u00f3n 2 &#8211; Bloque: Conservaci\u00f3n Preventiva de&nbsp;Pinturas murales&nbsp;ante el Cambio Clim\u00e1tico y Emergencias<br>Patrocinador: OTEGO<br><strong>Moderador: <\/strong>Domingo Campillo Garc\u00eda: Universidad de Granada (UGR)<\/h3>\n\n\n\n<p>Sede: <a href=\"https:\/\/maps.app.goo.gl\/a6yRcmNqqcXYLVY38\">Auditori Alfons Roig. Facultad de Bellas Artes de la Universitat Polit\u00e8ncia de Val\u00e8ncia<\/a><\/p>\n\n\n\n<ul class=\"wp-block-list\">\n<li>15:00 &#8211; <strong><em>Proyectos de digitalizaci\u00f3n y reproducci\u00f3n 3D para la conservaci\u00f3n, estudio y difusi\u00f3n de pintura mural.<\/em> Carlos Bayod Lucini, <\/strong>Director de Proyectos de la Fundaci\u00f3n Factum.<\/li>\n\n\n\n<li>15:30 &#8211; <strong><em>Consolidaci\u00f3n de pinturas murales en el Convento de Nuestra Se\u00f1ora la Real de las Huertas. Reflexiones y aprendizajes despu\u00e9s del se\u00edsmo de Lorca.<\/em><\/strong> <strong>Teresa Valle Fern\u00e1ndez<\/strong>, Instituto del Patrimonio Cultural de Espa\u00f1a (IPCE).<\/li>\n\n\n\n<li>16:00 &#8211; Comunicaciones breves &#8211; Bloque: Conservaci\u00f3n preventiva (5 comunicaciones de 15 min: 10 min comunicaci\u00f3n + 5 min preguntas)<br>\u00b7 16:00: Annemiek Tessing &#8211; Bernice Crjns. <em>Harnessing Technological Advancements for Registration, Conservation and Restoration of Mural Paintings: A Proposal for European Collaboration to use Open Access and FAIR principles<\/em><br>\u00b7 16:15: Aurora Cairoli &#8211; M\u00f3nica Moreno &#8211; Roc\u00edo Ortiz &#8211; Elisabetta Zendri &#8211; Pilar Ortiz. <em>Durability Assessment of Conservation Interventions on Mountain Murals in Italy using Atlas: Art-Risk 5<\/em><br>\u00b7 16:30: Magdalena Skar\u017cy\u0144ska. <em>Hidden in the desert sands. Old Dongola (Sudan): Conservation Efforts and Archaeological Discoveries<\/em><br>\u00b7 16:45: Raquel Asiain &#8211; Eudald Guillamet &#8211; Roberto Onta\u00f1on. <em>Cueva de El Castillo (Puente Viesgo, Espa\u00f1a): Un estudio de caso sobre los m\u00e9todos de conservaci\u00f3n de las pinturas murales rupestres<\/em><br>\u00b7 17:00: V\u00edctor Medina Fl\u00f3rez &#8211; Teresa Espejo Arias &#8211; Ricardo Hern\u00e1ndez Soriano &#8211; Rosario Blanc Garc\u00eda &#8211; Adri\u00e1n P\u00e9rez \u00c1lvarez. <em>Traslado del mural &#8216;El rio&#8217;, de Juan Vida. Restauraci\u00f3n y protecci\u00f3n antiincendios<\/em><\/li>\n\n\n\n<li>17:15 &#8211; Caf\u00e9<\/li>\n\n\n\n<li>17:45 &#8211; Debate &#8211; Bloque: Conservaci\u00f3n preventiva<\/li>\n\n\n\n<li>20:00 &#8211; Cena de Gala. restaurante MARINA BEACH CLUB <a href=\"https:\/\/www.google.com\/maps\/place\/Marina+Beach+Club\/@39.4628881,-0.3230206,801m\/data=!3m2!1e3!4b1!4m6!3m5!1s0xd60492c9790cf7f:0x321ab868bfa8fec7!8m2!3d39.4628881!4d-0.3204457!16s%2Fg%2F11kq4fxv71!5m1!1e1?entry=ttu&amp;g_ep=EgoyMDI1MDIxNy4wIKXMDSoASAFQAw%3D%3D\" target=\"_blank\" rel=\"noreferrer noopener\">(ver localizaci\u00f3n)<\/a><\/li>\n<\/ul>\n\n\n\n<h1 class=\"wp-block-heading\"><strong>D\u00eda 2<\/strong><\/h1>\n\n\n\n<h2 class=\"wp-block-heading\"><strong>Viernes 21 de febrero 2025<\/strong><\/h2>\n\n\n\n<h3 class=\"wp-block-heading\">Sesi\u00f3n 3 &#8211; Bloque: Revisi\u00f3n de intervenciones pasadas inadecuadas sobre pintura mural en situaciones extremas<br>Patrocinador: CTS ESPA\u00d1A PRODUCTOS Y EQUIPOS PARA LA RESTAURACION S.L.<br><strong>Moderador: <\/strong>Merche S\u00e1nchez Pons. Universidad Polit\u00e9cnica de Val\u00e8ncia (IRP-UPV)<\/h3>\n\n\n\n<p>Sede: <a href=\"https:\/\/maps.app.goo.gl\/a6yRcmNqqcXYLVY38\">Auditori Alfons Roig. Facultad de Bellas Artes de la Universitat Polit\u00e8ncia de Val\u00e8ncia<\/a><\/p>\n\n\n\n<ul class=\"wp-block-list\">\n<li>9:00 &#8211; <strong><em>Conservaci\u00f3n preventiva y restauraci\u00f3n en situaciones de emergencia b\u00e9lica. Innovaciones metodol\u00f3gicas aplicadas a los frescos de Tomaso da Modena en la Sala Capitular de San Nicol\u00f2 en Treviso, afectados por los grandes acontecimientos b\u00e9licos del siglo acontecimientos b\u00e9licos del siglo XX<\/em><\/strong>. <strong>Giuliano Romalli<\/strong>, Directivo del Ministerio de Cultura de Italia.<\/li>\n\n\n\n<li>9:30 &#8211; <em><strong>La iglesia de los Santos Juanes de Valencia. Innovaci\u00f3n en la recuperaci\u00f3n de sus frescos incendiados en al guerra civil espa\u00f1ola.<\/strong><\/em> <strong>Pilar Roig Picazo<\/strong>, Catedr\u00e1tica Em\u00e9rita del Dpto de Conservaci\u00f3n y Restauraci\u00f3n de Bienes Culturales de la UPV y responsable de la restauraci\u00f3n de las Pinturas Murales de la Iglesia de los Santos Juanes de Valencia.<\/li>\n\n\n\n<li>10:00 &#8211; Caf\u00e9<\/li>\n\n\n\n<li>10:30 &#8211; Comunicaciones breves &#8211; Bloque: Revisi\u00f3n de intervenciones (4 comunicaciones de 15min: 10min comunicaci\u00f3n + 5min preguntas)<br>\u00b7 10:30: Erika Maddalena &#8211; Carlo Cacace &#8211; Carolina Gaetani &#8211; Ulderico Santamaria. <em>An intervention to be reviewed: the importance of the microclimatic study of the detached wall paintings in the Loggia della Casa Cavalieri Rodi in Rome<\/em><br>\u00b7 10:45 : Diana Pardo San Gil. <em>Mural paintings distorted by obsolete restoration criteria<\/em><br>\u00b7 11:00: Giulia Simonelli &#8211; Paola Mezzadri &#8211; Giancarlo Sidoti &#8211; Ludovica Ruggiero. <em>The legacy of silicates in wall paintings conservation: the case of a hypogeal rupestrian church in Matera<\/em><br>\u00b7 11:15: Amparo Peir\u00f3 Ronda. <em>Revisi\u00f3n de las intervenciones en pintura mural tras el terremoto de Udine (Italia) de 1976<\/em><\/li>\n\n\n\n<li>11:30 &#8211; Debate &#8211; Bloque: Revisi\u00f3n de intervenciones<\/li>\n<\/ul>\n\n\n\n<h3 class=\"wp-block-heading\">Sesi\u00f3n 4 &#8211; Bloque: Tratamientos y soluciones para obras afectadas por eventos extremos<br><strong>Moderador: <\/strong>B\u00e1rbara Cordero Bellas: Directora General de Hispania Nostra y V\u00edctor Antona del Val: Portavoz del Comit\u00e9 cient\u00edfico de Lista Roja de Hispania Nostra<\/h3>\n\n\n\n<p>Sede: <a href=\"https:\/\/maps.app.goo.gl\/a6yRcmNqqcXYLVY38\">Auditori Alfons Roig. Facultad de Bellas Artes de la Universitat Polit\u00e8ncia de Val\u00e8ncia<\/a><\/p>\n\n\n\n<ul class=\"wp-block-list\">\n<li>12:00 &#8211; <em><strong>Impacto de los terremotos en las pinturas murales \u2013 Terremoto de 2020 en Croacia. <\/strong><\/em><strong>Kristina Kruli\u0107<\/strong>, directora del departamento de Pintura Mural y Mosaicos del Croatian Conservation Institute, Zagreb.<\/li>\n\n\n\n<li>12:30 &#8211; <strong><em>Il recupero della memoria: l\u2019intervento sui frammenti della Cappella Ovetari a Padova. <\/em>Michela Gottardo<\/strong>. Restauradora del Laboratorio de Restauraci\u00f3n de materiales lap\u00eddeos de los Museos Vaticanos y freeland, <strong>Carlo Giantomasi<\/strong>. Restaurador freeland<\/li>\n\n\n\n<li>13:00 &#8211; Comunicaciones breves &#8211; Bloque: Tratamientos y soluciones (4 comunicaciones de 15 min: 10 min comunicaci\u00f3n + 5 min preguntas)<br>\u00b7 13:00: Antonio Iaccarino Idelson &#8211; Carlo Serino. <em>Middle ages frescoes in Treviso experiencing two World Wars<\/em><br>\u00b7 13:15 : Annalisa Marra. <em>Volatile Binding Media alternatives to cyclodecane: experimentation and use of menthol in the conservation of mural paintings and stuccoes damaged by seismic events<\/em><br>\u00b7 13:30: Mathilde Tiennot &#8211; B\u00e9atrice Villemin &#8211; Marie Lecasseur &#8211; St\u00e9phanie Jeanson &#8211; Laurent Cormier &#8211; Witold Nowik. <em>Towards restoration of deformed wall paintings on plaster<\/em> <br>\u00b7 13:45: Rosa Gasol Fargas. <em>The recovery of the original chromaticism of mural sets transformed by fire: the case of the mural paintings of Santa Maria de Sixena<\/em><\/li>\n\n\n\n<li>14:00 &#8211; Debate &#8211; Bloque: Tratamientos y soluciones. Clausura del Congreso<\/li>\n\n\n\n<li>14:30 &#8211; Comida<\/li>\n<\/ul>\n\n\n\n<h3 class=\"wp-block-heading\">Sesi\u00f3n espec\u00edfica &#8211; <strong>DANA VALENCIA 2024. EL ARCA DE NO\u00c9<\/strong><\/h3>\n\n\n\n<p>Sede: <a href=\"https:\/\/www.google.com\/maps\/place\/Centre+Cultural+La+Benefic%C3%A8ncia\/@39.4783021,-0.3830065,2002m\/data=!3m2!1e3!4b1!4m6!3m5!1s0xd604f5088a4707f:0xc00c92bd387a1755!8m2!3d39.4783021!4d-0.3830065!16s%2Fg%2F122nbszb!5m1!1e1?entry=ttu&amp;g_ep=EgoyMDI1MDEyMi4wIKXMDSoASAFQAw%3D%3D\" target=\"_blank\" rel=\"noreferrer noopener\">Sal\u00f3n de actos Alfons el Magn\u00e0nim del Centre Cultural La Benefic\u00e8ncia. C\/ de la Corona, 36, Ciutat Vella, 46003 Val\u00e8ncia, Val\u00e8ncia<\/a><\/p>\n\n\n\n<ul class=\"wp-block-list\">\n<li>16:00 &#8211; Sesi\u00f3n espec\u00edfica <strong>DANA VALENCIA 2024. EL ARCA DE NO\u00c9<\/strong> <a href=\"https:\/\/exciss.blogs.upv.es\/el-arca-de-noe\/\">(ver detalle del programa)<\/a><\/li>\n<\/ul>\n\n\n\n<h3 class=\"wp-block-heading\">CONCIERTO EN LA PARROQUIA DE SAN NICOL\u00c1S<\/h3>\n\n\n\n<ul class=\"wp-block-list\">\n<li>20:00 &#8211; Concierto en la <a href=\"https:\/\/maps.app.goo.gl\/6g6bT3XALX53NsTX9\">Parroquia de San Nicol\u00e1s<\/a> <a href=\"https:\/\/exciss.blogs.upv.es\/wp-content\/uploads\/2025\/02\/programa-concert_final_corto.pdf\" data-type=\"link\" data-id=\"https:\/\/exciss.blogs.upv.es\/wp-content\/uploads\/2025\/02\/programa-concert_final_corto.pdf\" target=\"_blank\" rel=\"noreferrer noopener\">(ver programa)<\/a><\/li>\n<\/ul>\n\n\n\n<h1 class=\"wp-block-heading\"><strong>D\u00eda 3<\/strong><\/h1>\n\n\n\n<h2 class=\"wp-block-heading\"><strong>S\u00e1bado 22 de febrero 2025<\/strong><\/h2>\n\n\n\n<ul class=\"wp-block-list\">\n<li>9:30 &#8211; Visitas a las restauraciones de la <a href=\"https:\/\/maps.app.goo.gl\/UbD6VURAUHZY7MGu7\">Iglesia de los Santos Juanes de Valencia<\/a> y a otros monumentos del centro hist\u00f3rico de la Ciudad (mediante la realizaci\u00f3n de varios grupos de 10-20 personas)<\/li>\n<\/ul>\n\n\n\n<p><\/p>","protected":false},"excerpt":{"rendered":"<p>*PROVISIONAL D\u00eda 1 Jueves 20 de febrero 2025 Sede: Auditori Alfons Roig. Facultad de Bellas Artes de la Universitat Polit\u00e8ncia de Val\u00e8ncia Sesi\u00f3n 1 &#8211; Bloque: Protocolos de actuaci\u00f3n ante emergencias y desastresPatrocinador: KERAKOLLModerador: Teresa Espejo Arias: Universidad de Granada (UGR) Sede: Auditori Alfons Roig. Facultad de Bellas Artes de la Universitat Polit\u00e8ncia de Val\u00e8ncia [&hellip;]<\/p>\n","protected":false},"author":57162,"featured_media":0,"parent":0,"menu_order":0,"comment_status":"closed","ping_status":"closed","template":"template-full-width.php","meta":{"footnotes":""},"class_list":["post-20","page","type-page","status-publish","hentry"],"_links":{"self":[{"href":"https:\/\/exciss.blogs.upv.es\/es\/wp-json\/wp\/v2\/pages\/20","targetHints":{"allow":["GET"]}}],"collection":[{"href":"https:\/\/exciss.blogs.upv.es\/es\/wp-json\/wp\/v2\/pages"}],"about":[{"href":"https:\/\/exciss.blogs.upv.es\/es\/wp-json\/wp\/v2\/types\/page"}],"author":[{"embeddable":true,"href":"https:\/\/exciss.blogs.upv.es\/es\/wp-json\/wp\/v2\/users\/57162"}],"replies":[{"embeddable":true,"href":"https:\/\/exciss.blogs.upv.es\/es\/wp-json\/wp\/v2\/comments?post=20"}],"version-history":[{"count":2,"href":"https:\/\/exciss.blogs.upv.es\/es\/wp-json\/wp\/v2\/pages\/20\/revisions"}],"predecessor-version":[{"id":1432,"href":"https:\/\/exciss.blogs.upv.es\/es\/wp-json\/wp\/v2\/pages\/20\/revisions\/1432"}],"wp:attachment":[{"href":"https:\/\/exciss.blogs.upv.es\/es\/wp-json\/wp\/v2\/media?parent=20"}],"curies":[{"name":"wp","href":"https:\/\/api.w.org\/{rel}","templated":true}]}}