{"id":21,"date":"2023-11-07T11:19:53","date_gmt":"2023-11-07T10:19:53","guid":{"rendered":"https:\/\/exciss.blogs.upv.es\/?page_id=21"},"modified":"2025-02-06T11:23:43","modified_gmt":"2025-02-06T10:23:43","slug":"what","status":"publish","type":"page","link":"https:\/\/exciss.blogs.upv.es\/es\/what\/","title":{"rendered":"Inscripci\u00f3n"},"content":{"rendered":"<p>El desarrollo del Congreso ser\u00e1 b\u00e1sicamente presencial con la obtenci\u00f3n de un certificado de asistencia de aquellos investigadores que hayan realizado su inscripci\u00f3n. Tambi\u00e9n se dispondr\u00e1 de una modalidad online (no interactiva) para poder seguir por \u201cstreaming\u201d las sesiones de la conferencia exclusivamente para aquellos que se inscriban en esta condici\u00f3n, obteniendo tambi\u00e9n el certificado de asistencia.<\/p>\n\n\n\n<p>El pago de las tasas de incripci\u00f3n premite la asistencia a las sesiones de trabajo, bien presenciales como on-line, a las pausas caf\u00e9, del jueves y viernes, la asistencia al concierto que se celebrar\u00e1 en iglesia de San Nicol\u00e1s el viernes 21 de febrero de 2025, y la visita a la iglesia de Santos Juanes y a otros monumentos del centro hist\u00f3rico de la ciudad el s\u00e1bado 22 de febrero.<\/p>\n\n\n\n<p>Adem\u00e1s se ofrecer\u00e1 de manera opcional para todos los asistentes a EXCISS una cena la noche del jueves 20 de febrero de 2025*.<\/p>\n\n\n\n<p>Las tarifas de incripci\u00f3n son las siguientes:<\/p>\n\n\n\n<figure class=\"wp-block-table\"><table><tbody><tr><td>&nbsp;<strong>Modalidad<\/strong><\/td><td>Hasta el 31\/01\/2025**<\/td><td>A partir del 01\/02\/2025<\/td><\/tr><tr><td>Estudiante &#8211; presencial<\/td><td>75 \u20ac<\/td><td>100 \u20ac<\/td><\/tr><tr><td>No estudiante &#8211; presencial<\/td><td>150 \u20ac<\/td><td>200 \u20ac<\/td><\/tr><tr><td>Online<\/td><td>60 \u20ac<\/td><td>60 \u20ac<\/td><\/tr><\/tbody><\/table><\/figure>\n\n\n\n<p>*El precio de la cena opcional del jueves 20\/02\/2025 ser\u00e1 de 60 \u20ac<br>**EL PRECIO DE MATR\u00cdCULA REDUCIDO SE MANTENDR\u00c1 PARA AQUELLAS PERSONAS QUE PERTENEZCAN A LOS SIGUIENTES COLECTIVOS:<br>&#8211; INSTITUTO UNIVERSITARIO DE RESTAURACI\u00d3N DEL PATRIMONIO DE LA UPV<br>&#8211; DPTO. CONSERVACI\u00d3N Y RESTAURACI\u00d3N DE LA UPV<br>&#8211; UNIVERSIDAD DE GRANADA<br>&#8211; INSTITUTO DEL PATRIMONIO CULTURAL DE ESPA\u00d1A<br>&#8211; LA EMPRESA EMR<br>&#8211; ASOCIACI\u00d3N HISPANIA NOSTRA<\/p>\n\n\n\n<p><strong><a href=\"https:\/\/poseidon.cfp.upv.es\/portal-formacion\/alumno\/gestion_matricula.jsp?cid=97217&amp;idioma=es&amp;hash=974c9819c71e934399489f4d8813ca13c117cf47cb09884a9e4a9e4a9e499d4d88&amp;\" target=\"_blank\" rel=\"noreferrer noopener\">ACCEDER A LA PLATAFORMA DE INSCRIPCI\u00d3N ON-LINE<\/a><\/strong><\/p>\n\n\n\n<p>(En caso de que tenga cualquier duda o cuesti\u00f3n con la inscripci\u00f3n o que necesite una factura para proceder con el pago, contacte por favor con el servicio de congresos: <a href=\"mailto:congresos@cfp.upv.es?subject=V%20Congreso%20Iberoamericano%20de%20Investigaci%C3%B3n%20en%20Conservaci%C3%B3n%20del%20Patrimonio%20(ICP%202024)\" target=\"_blank\" rel=\"noreferrer noopener\">congresos@cfp.upv.es<\/a>)<\/p>\n\n\n\n<p><strong>POL\u00cdTICA DE CANCELACI\u00d3N:<\/strong><br>Hasta el 15\/01\/2025: 100 % de reembolso<br>Desde el 16\/01\/2025 hasta el 03\/02\/2025: 50 % de reembolso<br>Desde el 04\/02\/2025: sin reembolso<\/p>\n\n\n\n<p><\/p>","protected":false},"excerpt":{"rendered":"<p>El desarrollo del Congreso ser\u00e1 b\u00e1sicamente presencial con la obtenci\u00f3n de un certificado de asistencia de aquellos investigadores que hayan realizado su inscripci\u00f3n. Tambi\u00e9n se dispondr\u00e1 de una modalidad online (no interactiva) para poder seguir por \u201cstreaming\u201d las sesiones de la conferencia exclusivamente para aquellos que se inscriban en esta condici\u00f3n, obteniendo tambi\u00e9n el certificado [&hellip;]<\/p>\n","protected":false},"author":57162,"featured_media":0,"parent":0,"menu_order":0,"comment_status":"closed","ping_status":"closed","template":"template-full-width.php","meta":{"footnotes":""},"class_list":["post-21","page","type-page","status-publish","hentry"],"_links":{"self":[{"href":"https:\/\/exciss.blogs.upv.es\/es\/wp-json\/wp\/v2\/pages\/21","targetHints":{"allow":["GET"]}}],"collection":[{"href":"https:\/\/exciss.blogs.upv.es\/es\/wp-json\/wp\/v2\/pages"}],"about":[{"href":"https:\/\/exciss.blogs.upv.es\/es\/wp-json\/wp\/v2\/types\/page"}],"author":[{"embeddable":true,"href":"https:\/\/exciss.blogs.upv.es\/es\/wp-json\/wp\/v2\/users\/57162"}],"replies":[{"embeddable":true,"href":"https:\/\/exciss.blogs.upv.es\/es\/wp-json\/wp\/v2\/comments?post=21"}],"version-history":[{"count":3,"href":"https:\/\/exciss.blogs.upv.es\/es\/wp-json\/wp\/v2\/pages\/21\/revisions"}],"predecessor-version":[{"id":1407,"href":"https:\/\/exciss.blogs.upv.es\/es\/wp-json\/wp\/v2\/pages\/21\/revisions\/1407"}],"wp:attachment":[{"href":"https:\/\/exciss.blogs.upv.es\/es\/wp-json\/wp\/v2\/media?parent=21"}],"curies":[{"name":"wp","href":"https:\/\/api.w.org\/{rel}","templated":true}]}}