{"id":24,"date":"2023-11-07T11:19:53","date_gmt":"2023-11-07T10:19:53","guid":{"rendered":"https:\/\/exciss.blogs.upv.es\/?page_id=24"},"modified":"2025-01-30T14:12:51","modified_gmt":"2025-01-30T13:12:51","slug":"como","status":"publish","type":"page","link":"https:\/\/exciss.blogs.upv.es\/es\/como\/","title":{"rendered":"C\u00f3mo participar"},"content":{"rendered":"<p>El congreso se organiza a partir de la presentaci\u00f3n de comunicaciones y p\u00f3steres, clasificados seg\u00fan los cuatro bloques de trabajo especificados, los cuales estar\u00e1n precedidos por ponencias realizadas por investigadores invitados de reconocido prestigio en cada \u00e1rea.<\/p>\n\n\n\n<p>Aquellos investigadores que deseen participar deben enviar un <strong>resumen<\/strong> (300 palabras m\u00e1ximo \/ 2500 caracteres con espacios) antes del <strong>31 de marzo de 2024<\/strong> a <a href=\"mailto:exciss@upv.es\" target=\"_blank\" rel=\"noreferrer noopener\">exciss@upv.es<\/a> en ingl\u00e9s o en castellano cumplimentando la plantilla que se puede descargar <a href=\"http:\/\/exciss.blogs.upv.es\/wp-content\/uploads\/2024\/03\/formulario-resumen-EXCISS_copiaB_2024-03-12-es.pdf\" data-type=\"link\" data-id=\"http:\/\/exciss.blogs.upv.es\/wp-content\/uploads\/2024\/03\/formulario-resumen-EXCISS_copiaB_2024-03-12-es.pdf\">aqu\u00ed.<\/a><\/p>\n\n\n\n<p id=\"http:\/\/exciss.blogs.upv.es\/wp-content\/uploads\/2024\/05\/Listado-aceptadoES_Accepted-listEN_2024_05_31.pdf\">Los res\u00famenes ser\u00e1n revisados por el Comit\u00e9 Cient\u00edfico y se estimar\u00e1 su aprobaci\u00f3n para que el trabajo se presente como comunicaci\u00f3n, se presente como p\u00f3ster o se desestime su presentaci\u00f3n. Los resultados ser\u00e1n publicados el <strong>31 de mayo de 2024<\/strong> que se puede descargar <a href=\"http:\/\/exciss.blogs.upv.es\/wp-content\/uploads\/2024\/05\/Listado-aceptadoES_Accepted-listEN_2024_05_31.pdf\" data-type=\"link\" data-id=\"http:\/\/exciss.blogs.upv.es\/wp-content\/uploads\/2024\/05\/Listado-aceptadoES_Accepted-listEN_2024_05_31.pdf\">aqu\u00ed<\/a>.<\/p>\n\n\n\n<p>Aquellos participantes seleccionados para presentar comunicaci\u00f3n o p\u00f3ster estar\u00e1n obligados a la participaci\u00f3n en modo presencial, as\u00ed mismo deber\u00e1 existir la inscripci\u00f3n con el pago de la tasa correspondiente de al menos uno de los autores de la contribuci\u00f3n para poder ser aceptada y publicada.<\/p>\n\n\n\n<p>Los autores seleccionados, bien en modalidad comunicaci\u00f3n o p\u00f3ster, deber\u00e1n enviar el <strong>resumen extendido<\/strong> (1.500 palabras y 4 fotograf\u00edas m\u00e1ximo) en ingl\u00e9s o en castellano antes del <strong>15 de septiembre de 2024<\/strong> a <a href=\"mailto:exciss@upv.es\" target=\"_blank\" rel=\"noreferrer noopener\">exciss@upv.es<\/a> para su publicaci\u00f3n en el \u201cBook of abstracts\u201c siguiendo la indicaciones de la plantilla que se puede descargar <a href=\"http:\/\/exciss.blogs.upv.es\/wp-content\/uploads\/2024\/06\/plantilla_reu\u0301menes-extendidos_ES_2024_06_04.doc\" data-type=\"link\" data-id=\"http:\/\/exciss.blogs.upv.es\/wp-content\/uploads\/2024\/06\/plantilla_reu\u0301menes-extendidos_ES_2024_06_04.doc\">aqu\u00ed<\/a>.<\/p>\n\n\n\n<p><strong>INFORMACI\u00d3N PARA LA REALIZACI\u00d3N DE PRESENTACIONES<\/strong><\/p>\n\n\n\n<ul class=\"wp-block-list\">\n<li>Los horarios exactos de las presentaciones se encuentran publicadas en el programa del sitio web de la conferencia.<\/li>\n<\/ul>\n\n\n\n<ul class=\"wp-block-list\">\n<li>Se recomienda a todos los autores que presenten ponencias que preparen una presentaci\u00f3n en PowerPoint o pdf. Recuerde que la duraci\u00f3n de las presentaciones es limitado y el moderador podr\u00e1 detener su exposici\u00f3n si excede de su tiempo.<\/li>\n<\/ul>\n\n\n\n<ul class=\"wp-block-list\">\n<li>La presentaci\u00f3n deber\u00e1 estar realizada en formato est\u00e1ndar (4:3) y para la portada puede utilizar la plantilla que puede descargar <a href=\"http:\/\/exciss.blogs.upv.es\/wp-content\/uploads\/2025\/01\/ES_Plantilla-portadas-power-points-EXCISS2025.pptx\">aqu\u00ed.<\/a><\/li>\n<\/ul>\n\n\n\n<ul class=\"wp-block-list\">\n<li>En la sala habr\u00e1 un ordenador y un proyector preparados para leer presentaciones de PowerPoint y pdf. El personal de organizaci\u00f3n le ayudar\u00e1 a cargar su presentaci\u00f3n.<\/li>\n<\/ul>\n\n\n\n<ul class=\"wp-block-list\">\n<li>Por favor, traiga su presentaci\u00f3n de PowerPoint antes de su sesi\u00f3n, y cualquier archivo asociado, en una llave USB limpia de virus.<\/li>\n<\/ul>\n\n\n\n<ul class=\"wp-block-list\">\n<li>Si lo desea, tambi\u00e9n la puede mandar por correo electr\u00f3nico a exciss@upv.es. En este caso, incluya en el asunto del mensaje el siguiente texto: \u00abPresentationEXCISS_nombre del autor\u00bb y comunique esta circunstancia al personal de organizaci\u00f3n de la sala.<\/li>\n<\/ul>\n\n\n\n<ul class=\"wp-block-list\">\n<li>Si su presentaci\u00f3n incluye archivos de videoclips o audio deber\u00e1n guardarse por separado en formato AVI o WMV, para que puedan reproducirse correctamente. El archivo de v\u00eddeo o audio original tambi\u00e9n deber\u00e1 ser cargado para la proyecci\u00f3n.<\/li>\n<\/ul>\n\n\n\n<ul class=\"wp-block-list\">\n<li>Los ponentes (de comunicaciones breves) disponen de 10 minutos para su presentaci\u00f3n y 5 minutos para preguntas. El moderador de la sesi\u00f3n controlar\u00e1 estrictamente el tiempo a los oradores que se excedan.<\/li>\n<\/ul>\n\n\n\n<p><strong>INFORMACI\u00d3N PARA LA ELABORACI\u00d3N DEL P\u00d3STE<\/strong>R<\/p>\n\n\n\n<p>La exposici\u00f3n de posters del Congreso EXCISS 2025 se desarrollar\u00e1 durante los d\u00edas 20 y 21 de febrero. La organizaci\u00f3n dispondr\u00e1 en un espacio pr\u00f3ximo al sal\u00f3n de sesiones una serie de paneles donde cada autor deber\u00e1 colgar el p\u00f3ster que previamente habr\u00e1 dise\u00f1ado y producido siguiendo las indicaciones que a continuaci\u00f3n se detallan.&nbsp; Los posters se deber\u00e1n colocar el d\u00eda 20 durante la entrega de credenciales, y permanecer en su sitio hasta la finalizaci\u00f3n de las sesiones del d\u00eda 21. La organizaci\u00f3n proporcionar\u00e1 a los autores los materiales y productos necesarios para su colocaci\u00f3n en el panel. Durante las pausas establecidas en el programa los autores podr\u00e1n permanecer cerca de sus posters para que puedan realizar la interacci\u00f3n pertinente con los asistentes al evento.&nbsp;&nbsp;<\/p>\n\n\n\n<p>Requisitos para la elaboraci\u00f3n del p\u00f3ster:&nbsp;<\/p>\n\n\n\n<ul class=\"wp-block-list\">\n<li>El tama\u00f1o de impresi\u00f3n del poster deber\u00e1 ser en formato A1 (841&#215;594 mm), y orientado en vertical.&nbsp;&nbsp;<\/li>\n\n\n\n<li>El dise\u00f1o deber\u00e1 realizarse a partir de la plantilla proporcionada. <a href=\"http:\/\/exciss.blogs.upv.es\/wp-content\/uploads\/2025\/01\/Plantilla-poster-EXCISS_ES_nueva2025.pptx\">descargar plantilla.pptx <\/a>\/ <a href=\"http:\/\/exciss.blogs.upv.es\/wp-content\/uploads\/2025\/01\/Plantilla-poster-EXCISS_ES_nueva2025.pdf\" data-type=\"link\" data-id=\"http:\/\/exciss.blogs.upv.es\/wp-content\/uploads\/2024\/10\/Plantilla-poster-EXCISS-ES.pdf\">descargar plantilla.pdf<\/a><\/li>\n\n\n\n<li>El estilo de los campos del t\u00edtulo, autores e instituci\u00f3n quedan establecidos en la plantilla. El desarrollo del resto del trabajo puede organizarse como el autor considere libremente sin sobrepasar los l\u00edmites marcados.&nbsp;&nbsp;<\/li>\n\n\n\n<li>Evite incluir demasiado texto en su p\u00f3ster y utilice vi\u00f1etas en lugar de largos p\u00e1rrafos de texto. As\u00ed ser\u00e1 m\u00e1s f\u00e1cil seguirlo sin tener que leer demasiado.\u202f&nbsp;<\/li>\n\n\n\n<li>Se recomienda que el cuerpo del texto no sea inferior a 20p y utilice la fuente Arial.<\/li>\n\n\n\n<li>Incorpore las im\u00e1genes que considere siempre en una proporci\u00f3n coherente con el espacio, as\u00ed como con una resoluci\u00f3n adecuada para que no aparezcan pixeladas.&nbsp;&nbsp;<\/li>\n<\/ul>\n\n\n\n<p><\/p>","protected":false},"excerpt":{"rendered":"<p>El congreso se organiza a partir de la presentaci\u00f3n de comunicaciones y p\u00f3steres, clasificados seg\u00fan los cuatro bloques de trabajo especificados, los cuales estar\u00e1n precedidos por ponencias realizadas por investigadores invitados de reconocido prestigio en cada \u00e1rea. Aquellos investigadores que deseen participar deben enviar un resumen (300 palabras m\u00e1ximo \/ 2500 caracteres con espacios) antes [&hellip;]<\/p>\n","protected":false},"author":57162,"featured_media":0,"parent":0,"menu_order":0,"comment_status":"closed","ping_status":"closed","template":"template-full-width.php","meta":{"footnotes":""},"class_list":["post-24","page","type-page","status-publish","hentry"],"_links":{"self":[{"href":"https:\/\/exciss.blogs.upv.es\/es\/wp-json\/wp\/v2\/pages\/24","targetHints":{"allow":["GET"]}}],"collection":[{"href":"https:\/\/exciss.blogs.upv.es\/es\/wp-json\/wp\/v2\/pages"}],"about":[{"href":"https:\/\/exciss.blogs.upv.es\/es\/wp-json\/wp\/v2\/types\/page"}],"author":[{"embeddable":true,"href":"https:\/\/exciss.blogs.upv.es\/es\/wp-json\/wp\/v2\/users\/57162"}],"replies":[{"embeddable":true,"href":"https:\/\/exciss.blogs.upv.es\/es\/wp-json\/wp\/v2\/comments?post=24"}],"version-history":[{"count":2,"href":"https:\/\/exciss.blogs.upv.es\/es\/wp-json\/wp\/v2\/pages\/24\/revisions"}],"predecessor-version":[{"id":1388,"href":"https:\/\/exciss.blogs.upv.es\/es\/wp-json\/wp\/v2\/pages\/24\/revisions\/1388"}],"wp:attachment":[{"href":"https:\/\/exciss.blogs.upv.es\/es\/wp-json\/wp\/v2\/media?parent=24"}],"curies":[{"name":"wp","href":"https:\/\/api.w.org\/{rel}","templated":true}]}}