{"id":289,"date":"2023-11-20T14:05:47","date_gmt":"2023-11-20T13:05:47","guid":{"rendered":"https:\/\/exciss.blogs.upv.es\/?page_id=289"},"modified":"2025-02-25T13:32:58","modified_gmt":"2025-02-25T12:32:58","slug":"introduccion","status":"publish","type":"page","link":"https:\/\/exciss.blogs.upv.es\/es\/introduccion\/","title":{"rendered":""},"content":{"rendered":"<p><strong>EXCISS 2025<\/strong> Mural Painting Conservation es un congreso internacional, que se celebrar\u00e1 en Val\u00e8ncia del 20 al 22 de febrero de 2025, orientado a la conservaci\u00f3n y restauraci\u00f3n de pinturas murales que se encuentran en condiciones extremas y que, por tanto, requieren de planteamientos y metodolog\u00edas innovadoras y sostenibles. Dada la situaci\u00f3n que el mundo afronta, condicionada por conflictos b\u00e9licos que han estallado de forma abrupta y el cada vez m\u00e1s evidente impacto del cambio clim\u00e1tico (incluyendo terremotos, inundaciones y incendios), es necesario desarrollar estrategias de conservaci\u00f3n preventiva y protocolos de urgencia que permitan minimizar los riesgos y salvaguardar este tipo de patrimonio de un modo eficiente y sostenible.<\/p>\n\n\n\n<p>Es por ello, que este congreso es especialmente pertinente y de extremada actualidad, ya que es el momento de generar un foro de encuentro internacional entre profesionales especialistas en la intervenci\u00f3n sobre pinturas murales y revestimientos arquitect\u00f3nicos, que permita estudiar, analizar y compartir estrategias de actuaci\u00f3n ante situaciones sobrevenidas, pero tambi\u00e9n prevenir las consecuencias a medio y largo plazo, que puedan derivarse de los factores mencionados. Para ello es preciso contar con los \u00faltimos avances tecnol\u00f3gicos que incluyan la imagen digital, las representaciones tridimensionales del patrimonio, as\u00ed como la inteligencia artificial como herramienta de prevenci\u00f3n de riesgos, entre otras.<\/p>\n\n\n\n<p>El congreso se divide en cuatro m\u00f3dulos principales:<\/p>\n\n\n\n<p>1.&nbsp;<strong>P<\/strong><strong>rotocolos de actuaci\u00f3n ante emergencias y desastres que afectan a Pintura mural<\/strong>, incluyendo la gesti\u00f3n de riesgos en guerras, terremotos, inundaciones e incendios, utilizando metodolog\u00edas modernas como la IA en respuesta a tales eventos, con la base para crear principios de actuaci\u00f3n en situaciones extremas.<\/p>\n\n\n\n<p>2.&nbsp;<strong>Tratamientos y soluciones en pinturas murales afectadas por eventos extremos<\/strong>, como pinturas fragmentadas o quemadas, clasificaci\u00f3n de fragmentos y sistemas de reubicaci\u00f3n, as\u00ed como enfoques alternativos para la reintegraci\u00f3n de altos porcentajes de pintura, incluidas opciones digitales y presentaciones virtuales.<\/p>\n\n\n\n<p>3.&nbsp;<strong>Revisi\u00f3n de intervenciones pasadas inadecuadas sobre pintura mural en situaciones extremas:<\/strong>&nbsp;mostrando estudios de casos de intervenciones pasadas en las que es necesario corregir principios anteriores que resultaron inapropiados, insuficientes, ineficaces o incluso err\u00f3neos.<\/p>\n\n\n\n<p>4. &nbsp;<strong>Conservaci\u00f3n Preventiva de&nbsp;<\/strong><strong>Pinturas murales&nbsp;<\/strong><strong>ante el Cambio Clim\u00e1tico y Emergencias<\/strong>, incluyendo documentaci\u00f3n de pinturas murales de riesgo.<\/p>\n\n\n\n<p>Como resultado final del congreso se obtendr\u00e1n unas conclusiones comunes que recopilaremos en un documento donde incluiremos recomendaciones a nivel internacional para la conservaci\u00f3n y restauraci\u00f3n de pinturas murales en riesgo de eventos extremos.<\/p>\n\n\n\n<figure class=\"wp-block-image size-large is-resized\"><img loading=\"lazy\" decoding=\"async\" width=\"933\" height=\"1024\" src=\"https:\/\/exciss.blogs.upv.es\/wp-content\/uploads\/2024\/11\/ribbon-148762_1280-933x1024.png\" alt=\"\" class=\"wp-image-1260\" style=\"width:97px;height:auto\" srcset=\"https:\/\/exciss.blogs.upv.es\/wp-content\/uploads\/2024\/11\/ribbon-148762_1280-933x1024.png 933w, https:\/\/exciss.blogs.upv.es\/wp-content\/uploads\/2024\/11\/ribbon-148762_1280-273x300.png 273w, https:\/\/exciss.blogs.upv.es\/wp-content\/uploads\/2024\/11\/ribbon-148762_1280-768x843.png 768w, https:\/\/exciss.blogs.upv.es\/wp-content\/uploads\/2024\/11\/ribbon-148762_1280-620x681.png 620w, https:\/\/exciss.blogs.upv.es\/wp-content\/uploads\/2024\/11\/ribbon-148762_1280.png 1166w\" sizes=\"auto, (max-width: 933px) 100vw, 933px\" \/><\/figure>\n\n\n\n<p class=\"has-text-align-center\"><strong><a href=\"https:\/\/exciss.blogs.upv.es\/2024\/11\/08\/ante-la-situacion-acaecida-en-valencia-a-causa-de-la-dana-la-celebracion-del-congreso-exciss-se-pospone-para-los-dias-20-21-y-22-de-febrero-de-2025\/\">ANTE LA SITUACI\u00d3N ACAECIDA EN VAL\u00c8NCIA A CAUSA DE LA DANA, LA CELEBRACI\u00d3N DEL CONGRESO EXCISS SE POSPONE PARA LOS D\u00cdAS 20, 21 Y 22 DE FEBRERO DE 2025<\/a><\/strong><\/p>\n\n\n\n<p>La pintura mural y los revestimientos arquitect\u00f3nicos constituyen uno de los \u00e1mbitos clave del patrimonio hist\u00f3rico art\u00edstico, por su monumentalidad y por el tipo de interactuaci\u00f3n que establecen con la sociedad, en un di\u00e1logo constante dentro de nuestras ciudades. La Comunidad Valenciana se caracteriza por tener una importante representaci\u00f3n de este tipo de acervo cultural de diferentes \u00e9pocas, estilos y trascendencia.<\/p>\n\n\n\n<p>La conservaci\u00f3n y restauraci\u00f3n de pinturas murales y edificios de inter\u00e9s hist\u00f3rico es una tarea compleja y multidisciplinar, que requiere de la colaboraci\u00f3n de diversos profesionales y entidades. Al mismo tiempo, su conservaci\u00f3n y difusi\u00f3n puede convertirse en un eje clave para la dinamizaci\u00f3n cultural y socioecon\u00f3mica de la regi\u00f3n. Prueba de ello son los proyectos de conservaci\u00f3n y restauraci\u00f3n realizadas en los \u00faltimos a\u00f1os en conjuntos de la ciudad de Valencia, como el de la <i>Real Bas\u00edlica de la Virgen de los Desamparados<\/i>, la<i> iglesia de San Nicol\u00e1s y San Pedro M\u00e1rtir <\/i>y la<i> iglesia de los Santos Juanes<\/i>. Las intervenciones realizadas no s\u00f3lo han permitido salvaguardar un patrimonio fundamental y muy significativo para la Comunidad Valenciana, sino que la inversi\u00f3n realizada se ha traducido en una importante proyecci\u00f3n de esta cultura, generando visitas constantes a estos lugares, tanto por parte de los ciudadanos de la regi\u00f3n, como por parte de visitantes de la ciudad, nacionales y extranjeros.<\/p>\n\n\n<p class=\"MsoNormal\">El patrimonio inmueble, especialmente el mural, se enfrenta a numerosos factores de riesgo que pueden provocar su deterioro, da\u00f1o o p\u00e9rdida. Algunos de estos factores pueden llegar a ser extremos, como los desastres naturales, accidentales o b\u00e9licos, que pueden causar su destrucci\u00f3n total o parcial. Otros no tienen un efecto tan inmediato, pero no por ello son menos graves, puesto que inician procesos que pueden llegar a ser irreversibles, como pueden ser los provocados por cambios repentinos en las condiciones medioambientales del lugar del que forman parte.<\/p>\n<p class=\"MsoNormal\">Dada la situaci\u00f3n que el mundo afronta, condicionada por conflictos b\u00e9licos que han estallado de forma abrupta, un evidente cambio clim\u00e1tico, que no hace m\u00e1s que intensificarse, y las posibles consecuencias que de ello se derivan, es necesario desarrollar estrategias de conservaci\u00f3n preventiva y protocolos de urgencia que permitan minimizar los riesgos y salvaguardar este tipo de patrimonio de un modo eficiente y sostenible. Por ello, consideramos pertinente generar un foro de encuentro internacional entre profesionales especialistas en la intervenci\u00f3n sobre pinturas murales y revestimientos arquitect\u00f3nicos, que permita estudiar, analizar y compartir estrategias de actuaci\u00f3n ante situaciones sobrevenidas, pero tambi\u00e9n prevenir las consecuencias a medio y largo plazo, que puedan derivarse de los factores mencionados.<\/p>\n<p class=\"MsoNormal\">Para ello se propone la realizaci\u00f3n de un congreso internacional titulado <i>\u201cExtreme Conditions &#8211; Innovative &amp; Sustainable Solutions in Mural Painting Conservation: EXCISS Valencia 2025\u201d<\/i>. Este congreso pretende ser un espacio de reflexi\u00f3n y debate sobre los retos y oportunidades que plantea la conservaci\u00f3n y restauraci\u00f3n del patrimonio inmueble en un contexto marcado por la incertidumbre y la vulnerabilidad. Un contexto que cobra especial relevancia en un mundo inmerso en guerras y que se enfrenta al desaf\u00edo del cambio clim\u00e1tico.<\/p>\n\n\n<p>Hace ya d\u00e9cadas que Europa considera y promueve el conocimiento, la difusi\u00f3n y la conservaci\u00f3n del patrimonio cultural como un importante generador de identidad europea. En este sentido, experiencias previas como el proyecto europeo <strong>EwaGlos<\/strong> \u00ab<em>European Illustrated Glossary of Conservation Terms for Wall Paintings and Architectural Surfaces<\/em>\u00ab, han sido de gran ayuda para corroborar la necesidad de fomentar momentos de encuentro y reflexi\u00f3n en torno al mejor modo de conocer, difundir, gestionar y conservar este tipo de patrimonio. Estos esfuerzos deben ser continuados para reforzar estos lazos y no debilitar los avances identitarios logrados.<\/p>\n\n\n\n<p>La tem\u00e1tica propuesta pone el foco en la consideraci\u00f3n de la conservaci\u00f3n del patrimonio cultural como motor econ\u00f3mico sostenible y plantea retos vinculados con aspectos estrat\u00e9gicos, orientados tanto al reconocimiento de dicho potencial, como al dise\u00f1o de metodolog\u00edas de prevenci\u00f3n y gesti\u00f3n de emergencias, que sean eficaces y que permitan garantizar su salvaguarda y ahorrar recursos, en caso de tener que ser intervenidas, a partir del uso de tecnolog\u00edas innovadoras.<\/p>\n\n\n\n<p>Todo esto se relaciona directamente con varios de los objetivos definidos en la <strong>Estrategia Europea de Investigaci\u00f3n e Innovaci\u00f3n 2020-2025. <\/strong>En concreto, todas las acciones que se pretende promover, encaminadas a la prevenci\u00f3n, pretenden reducir la necesidad de las intervenciones en estos bienes culturales y, por tanto, reducir el uso de los recursos naturales, contribuyendo, por tanto, al objetivo espec\u00edfico 1.1. del <strong>Pacto Verde Europeo<\/strong>. Tal y como indica este pacto, el cambio clim\u00e1tico es una amenaza que azota a Europa y a nuestro patrimonio cultural, y por ello debemos redoblar nuestras investigaciones y esfuerzos en reducir el impacto clim\u00e1tico que este cambio puede tener en nuestro patrimonio cultural y natural.<\/p>\n\n\n\n<p>En esta misma l\u00ednea, y directamente alineado con el objetivo 2 de crear Una Europa Adaptada a la Era Digital, este congreso busca reconocer como la tecnolog\u00eda digital se puede transformar para que este al servicio de las personas y de nuestro patrimonio cultural. En concreto, el primer bloque tem\u00e1tico descrito, se alinea con el objetivo espec\u00edfico 2.1 ya que promueve el uso de la Inteligencia Artificial como herramienta en la prevenci\u00f3n de riesgos y la gesti\u00f3n de emergencias espec\u00edficas, proponiendo ponentes que compartan experiencias en torno a sus posibilidades en la modelizaci\u00f3n de situaciones y an\u00e1lisis de riesgos potenciales. Asimismo, el uso de la imagen digital, de diversas formas y maneras, pretende ser otro de los ejes transversales del congreso, que se alinea con los objetivos espec\u00edficos 2.2. y 2.3., a partir de la exploraci\u00f3n del empleo de este tipo de herramientas en sistemas innovadores y sostenibles, tanto en la documentaci\u00f3n preventiva, como en el uso de dichas im\u00e1genes para la difusi\u00f3n, conservaci\u00f3n e incluso restauraci\u00f3n del patrimonio cultural, en caso de p\u00e9rdida irreversible. Buen ejemplo de ello es el proyecto que se est\u00e1 desarrollando en las pinturas murales de la b\u00f3veda y presbiterio de la iglesia de los Santos Juanes de Valencia, que se plantea como una de las visitas significativas a realizar entre los asistentes al congreso. En las fechas propuestas este proyecto estar\u00e1 pr\u00f3ximo a su finalizaci\u00f3n, con los andamios todav\u00eda accesible y ser\u00e1 posible apreciar y difundir las innovadoras tecnolog\u00edas desarrolladas para la recomposici\u00f3n de la pintura, a trav\u00e9s de la imagen digital, rectificada e impresa, as\u00ed como los procedimientos empleados para eliminar tratamientos anteriores con procesos innovadores, sostenibles y ecol\u00f3gicos como es la biolimpieza a trav\u00e9s de bacterias. Este \u00faltimo \u00edtem ser\u00e1 debatido y analizado a partir del estudio, an\u00e1lisis y presentaci\u00f3n de otras casos y procedimientos en los bloques 3 y 4, contribuyendo nuevamente al objetivo 1 definido como el Pacto Verde Europeo.<\/p>\n\n\n\n<p>Este congreso internacional pretende reunir a los expertos mundiales m\u00e1s importantes en la tem\u00e1tica planteada, invitando a 5 ponentes extranjeros (Francia, Croacia, Portugal e Italia) y 4 ponentes espa\u00f1oles que abarcan el amplio abanico de disciplinas que envuelven a la conservaci\u00f3n y restauraci\u00f3n del Patrimonio cultural (<em>Conservadores, Restauradores, Arquitectos, Historiadores, Cient\u00edficos, Ingenieros\u2026<\/em>). As\u00ed mismo se abrir\u00e1 una llamada a la comunidad internacional para la presentaci\u00f3n de trabajos relacionados con la tem\u00e1tica, de los que se seleccionar\u00e1n 16 comunicaciones breves y al menos 40 posters, gracias a un comit\u00e9 cient\u00edfico internacional que evaluar\u00e1 las propuestas presentadas y seleccionar\u00e1 las m\u00e1s relevantes. El congreso ser\u00e1 por tanto un foro de debate cient\u00edfico de alto nivel en relaci\u00f3n con la tem\u00e1tica planteada de extrema actualidad. Como resultado final del evento se pretende preparar unas conclusiones comunes que se recoger\u00e1n en un documento que hemos denominado \u201cCarta de Valencia\u201d. Este documento ser\u00e1 una carta internacional sobre la conservaci\u00f3n y restauraci\u00f3n de pinturas murales en riesgo por eventos extremos (incluyendo situaciones como guerras, terremotos, inundaciones e incendios, as\u00ed como el impacto del cambio clim\u00e1tico). Para ello contamos con el apoyo de la <strong>UNESCO<\/strong> (<em>Organizaci\u00f3n de naciones Unidas para la Educaci\u00f3n, la Ciencia y la Cultura<\/em>) y del <strong>ICOMOS <\/strong>(<em>Consejo Internacional de Monumentos y Sitios<\/em>), organismos internacionales que promueven las convenciones, cartas y normas que rigen la conservaci\u00f3n del patrimonio a nivel mundial, habiendo apoyado anteriormente m\u00faltiples cartas como la de Atenas 1931, la de Venecia 1964, la de Florencia 1981, la de Cracovia 2000, etc.<\/p>\n\n\n\n<p>El desarrollo del Congreso ser\u00e1 b\u00e1sicamente presencial con la obtenci\u00f3n de un certificado de asistencia de aquellos investigadores que hayan realizado su inscripci\u00f3n. Tambi\u00e9n se dispondr\u00e1 de una modalidad online (no interactiva) para poder seguir por \u201cstreaming\u201d las sesiones de la conferencia exclusivamente para aquellos que se inscriban en esta condici\u00f3n, obteniendo tambi\u00e9n el certificado de asistencia.<\/p>\n\n\n\n<p>Como lenguajes de comunicaci\u00f3n se utilizar\u00e1n el castellano y el ingl\u00e9s.<\/p>","protected":false},"excerpt":{"rendered":"<p>EXCISS 2025 Mural Painting Conservation es un congreso internacional, que se celebrar\u00e1 en Val\u00e8ncia del 20 al 22 de febrero de 2025, orientado a la conservaci\u00f3n y restauraci\u00f3n de pinturas murales que se encuentran en condiciones extremas y que, por tanto, requieren de planteamientos y metodolog\u00edas innovadoras y sostenibles. Dada la situaci\u00f3n que el mundo [&hellip;]<\/p>\n","protected":false},"author":57162,"featured_media":0,"parent":0,"menu_order":0,"comment_status":"closed","ping_status":"closed","template":"","meta":{"footnotes":""},"class_list":["post-289","page","type-page","status-publish","hentry"],"_links":{"self":[{"href":"https:\/\/exciss.blogs.upv.es\/es\/wp-json\/wp\/v2\/pages\/289","targetHints":{"allow":["GET"]}}],"collection":[{"href":"https:\/\/exciss.blogs.upv.es\/es\/wp-json\/wp\/v2\/pages"}],"about":[{"href":"https:\/\/exciss.blogs.upv.es\/es\/wp-json\/wp\/v2\/types\/page"}],"author":[{"embeddable":true,"href":"https:\/\/exciss.blogs.upv.es\/es\/wp-json\/wp\/v2\/users\/57162"}],"replies":[{"embeddable":true,"href":"https:\/\/exciss.blogs.upv.es\/es\/wp-json\/wp\/v2\/comments?post=289"}],"version-history":[{"count":2,"href":"https:\/\/exciss.blogs.upv.es\/es\/wp-json\/wp\/v2\/pages\/289\/revisions"}],"predecessor-version":[{"id":1439,"href":"https:\/\/exciss.blogs.upv.es\/es\/wp-json\/wp\/v2\/pages\/289\/revisions\/1439"}],"wp:attachment":[{"href":"https:\/\/exciss.blogs.upv.es\/es\/wp-json\/wp\/v2\/media?parent=289"}],"curies":[{"name":"wp","href":"https:\/\/api.w.org\/{rel}","templated":true}]}}