{"id":460,"date":"2024-01-17T15:43:53","date_gmt":"2024-01-17T14:43:53","guid":{"rendered":"https:\/\/exciss.blogs.upv.es\/?page_id=460"},"modified":"2024-11-08T10:26:45","modified_gmt":"2024-11-08T09:26:45","slug":"sede","status":"publish","type":"page","link":"https:\/\/exciss.blogs.upv.es\/es\/sede\/","title":{"rendered":"SEDES"},"content":{"rendered":"<p>La celebraci\u00f3n del Congreso se desarrollar\u00e1 en los siguientes espacios:<\/p>\n\n\n\n<ul class=\"wp-block-list\">\n<li><strong>Auditori Alfons Roig. Facultad de Bellas Artes de la Universitat Polit\u00e8ncia de Val\u00e8ncia<\/strong> (<a href=\"https:\/\/maps.app.goo.gl\/a6yRcmNqqcXYLVY38\" target=\"_blank\" rel=\"noreferrer noopener\">https:\/\/maps.app.goo.gl\/a6yRcmNqqcXYLVY38<\/a>). <br>En este espacio se realizar\u00e1n las sesiones de trabajo del dia 21 y la ma\u00f1ana del 22 de noviembre.<\/li>\n\n\n\n<li><strong>Sal\u00f3n de actos de cubo rojo de la CPI,<\/strong> situado en la tercera planta del edificio (<a href=\"https:\/\/maps.app.goo.gl\/uVNs9vgW5QLTsmoY6\" target=\"_blank\" rel=\"noreferrer noopener\">https:\/\/maps.app.goo.gl\/uVNs9vgW5QLTsmoY6<\/a>). <br>Es este espacio se realizar\u00e1 la sesi\u00f3n de trabajo de la tarde del d\u00eda 22 de noviembre a partir de las 16.00 h., desde el que con posterioridad se realizar\u00e1 la visita a las instalaciones del IRP.<\/li>\n\n\n\n<li><strong>Iglesia de San Nicol\u00e1s de Bari y San Pedro M\u00e1rtir<\/strong> (<a href=\"https:\/\/maps.app.goo.gl\/6g6bT3XALX53NsTX9\" target=\"_blank\" rel=\"noreferrer noopener\">https:\/\/maps.app.goo.gl\/6g6bT3XALX53NsTX9<\/a>). <br>En este emplazamiento se realizar\u00e1 el concierto del d\u00eda 22 de noviembre a las 20.00 h.<\/li>\n\n\n\n<li><strong>Iglesia de los Santos Juanes<\/strong> o tambi\u00e9n conocida como Sant Joan del Mercat (<a href=\"https:\/\/maps.app.goo.gl\/UbD6VURAUHZY7MGu7\" target=\"_blank\" rel=\"noreferrer noopener\">https:\/\/maps.app.goo.gl\/UbD6VURAUHZY7MGu7<\/a>). <br>En este lugar se realizar\u00e1 la visita el s\u00e1bado 23 de noviembre.<\/li>\n<\/ul>\n\n\n\n<p><\/p>","protected":false},"excerpt":{"rendered":"<p>La celebraci\u00f3n del Congreso se desarrollar\u00e1 en los siguientes espacios:<\/p>\n","protected":false},"author":11561,"featured_media":0,"parent":0,"menu_order":0,"comment_status":"closed","ping_status":"closed","template":"","meta":{"footnotes":""},"class_list":["post-460","page","type-page","status-publish","hentry"],"_links":{"self":[{"href":"https:\/\/exciss.blogs.upv.es\/es\/wp-json\/wp\/v2\/pages\/460","targetHints":{"allow":["GET"]}}],"collection":[{"href":"https:\/\/exciss.blogs.upv.es\/es\/wp-json\/wp\/v2\/pages"}],"about":[{"href":"https:\/\/exciss.blogs.upv.es\/es\/wp-json\/wp\/v2\/types\/page"}],"author":[{"embeddable":true,"href":"https:\/\/exciss.blogs.upv.es\/es\/wp-json\/wp\/v2\/users\/11561"}],"replies":[{"embeddable":true,"href":"https:\/\/exciss.blogs.upv.es\/es\/wp-json\/wp\/v2\/comments?post=460"}],"version-history":[{"count":2,"href":"https:\/\/exciss.blogs.upv.es\/es\/wp-json\/wp\/v2\/pages\/460\/revisions"}],"predecessor-version":[{"id":1280,"href":"https:\/\/exciss.blogs.upv.es\/es\/wp-json\/wp\/v2\/pages\/460\/revisions\/1280"}],"wp:attachment":[{"href":"https:\/\/exciss.blogs.upv.es\/es\/wp-json\/wp\/v2\/media?parent=460"}],"curies":[{"name":"wp","href":"https:\/\/api.w.org\/{rel}","templated":true}]}}