{"id":464,"date":"2024-01-17T15:45:36","date_gmt":"2024-01-17T14:45:36","guid":{"rendered":"https:\/\/exciss.blogs.upv.es\/?page_id=464"},"modified":"2024-11-08T10:25:49","modified_gmt":"2024-11-08T09:25:49","slug":"fechas","status":"publish","type":"page","link":"https:\/\/exciss.blogs.upv.es\/es\/fechas\/","title":{"rendered":"FECHAS"},"content":{"rendered":"<p>Fechas de celebraci\u00f3n: <strong>20, 21 y 22 de febrero de 2025<\/strong>\u00a0<\/p>\n\n\n\n<p>Finalizaci\u00f3n del plazo de env\u00edo de res\u00famenes: 31 de marzo de 2024<\/p>\n\n\n\n<p>Publicaci\u00f3n de propuestas aceptadas: 31 de mayo de 2024<\/p>\n\n\n\n<p>Finalizaci\u00f3n del plazo del env\u00edo del resumen extendido para su publicaci\u00f3n: 15 de septiembre de 2024<\/p>","protected":false},"excerpt":{"rendered":"<p>Fechas de celebraci\u00f3n: 20, 21 y 22 de febrero de 2025\u00a0 Finalizaci\u00f3n del plazo de env\u00edo de res\u00famenes: 31 de marzo de 2024 Publicaci\u00f3n de propuestas aceptadas: 31 de mayo de 2024 Finalizaci\u00f3n del plazo del env\u00edo del resumen extendido para su publicaci\u00f3n: 15 de septiembre de 2024<\/p>\n","protected":false},"author":11561,"featured_media":0,"parent":0,"menu_order":0,"comment_status":"closed","ping_status":"closed","template":"","meta":{"footnotes":""},"class_list":["post-464","page","type-page","status-publish","hentry"],"_links":{"self":[{"href":"https:\/\/exciss.blogs.upv.es\/es\/wp-json\/wp\/v2\/pages\/464","targetHints":{"allow":["GET"]}}],"collection":[{"href":"https:\/\/exciss.blogs.upv.es\/es\/wp-json\/wp\/v2\/pages"}],"about":[{"href":"https:\/\/exciss.blogs.upv.es\/es\/wp-json\/wp\/v2\/types\/page"}],"author":[{"embeddable":true,"href":"https:\/\/exciss.blogs.upv.es\/es\/wp-json\/wp\/v2\/users\/11561"}],"replies":[{"embeddable":true,"href":"https:\/\/exciss.blogs.upv.es\/es\/wp-json\/wp\/v2\/comments?post=464"}],"version-history":[{"count":2,"href":"https:\/\/exciss.blogs.upv.es\/es\/wp-json\/wp\/v2\/pages\/464\/revisions"}],"predecessor-version":[{"id":1279,"href":"https:\/\/exciss.blogs.upv.es\/es\/wp-json\/wp\/v2\/pages\/464\/revisions\/1279"}],"wp:attachment":[{"href":"https:\/\/exciss.blogs.upv.es\/es\/wp-json\/wp\/v2\/media?parent=464"}],"curies":[{"name":"wp","href":"https:\/\/api.w.org\/{rel}","templated":true}]}}